{"id":3350,"date":"2023-10-30T07:14:40","date_gmt":"2023-10-30T07:14:40","guid":{"rendered":"https:\/\/prague.foxthemes.me\/elementor\/?page_id=3350"},"modified":"2023-10-30T07:14:40","modified_gmt":"2023-10-30T07:14:40","slug":"blog-list","status":"publish","type":"page","link":"https:\/\/ba-interiordesign.de\/index.php\/blog-list\/","title":{"rendered":"Blog List"},"content":{"rendered":"\t\t<div data-elementor-type=\"wp-page\" data-elementor-id=\"3350\" class=\"elementor elementor-3350\">\n\t\t\t\t<div class=\"elementor-element elementor-element-e380e10 e-con-full e-flex e-con e-parent\" data-id=\"e380e10\" data-element_type=\"container\" data-e-type=\"container\">\n\t\t\t\t<div class=\"elementor-element elementor-element-2674086 elementor-widget elementor-widget-banner-title\" data-id=\"2674086\" data-element_type=\"widget\" data-e-type=\"widget\" data-widget_type=\"banner-title.default\">\n\t\t\t\t<div class=\"elementor-widget-container\">\n\t\t\t\t\t\t\t<section class=\"container-fluid top-banner no-padd  simple  dark\">\t\t\t<div class=\"content\">\n\t\t\t\t<div class=\"prague-svg-animation-text\">\n\t\t\t\t\t<?xml version=\"1.0\"?>\n<svg width=\"93%\" height=\"100%\" style=\"stroke:#F2F2F2\" fill=\"transparent\" viewBox=\"0 0 252.9296875 159.921875\" preserveAspectRatio=\"xMidYMid meet\" class=\"prague-svg\"><path d=\" M5.56640625,119.921875l0-71.09375l24.4140625,0q13.232421875,0,20.654296875,4.9072265625t7.421875,14.6240234375q0,5.078125-2.392578125,9.033203125t-7.373046875,5.95703125q6.25,1.416015625,9.228515625,5.6884765625t2.978515625,9.8388671875q0,10.400390625-6.982421875,15.72265625t-20.01953125,5.322265625l-27.9296875,0z M22.119140625,107.2265625l11.376953125,0q5.2734375,0,7.91015625-2.0751953125t2.63671875-6.3720703125q0-4.638671875-2.2705078125-7.0068359375t-7.3486328125-2.3681640625l-12.3046875,0l0,17.822265625z M22.119140625,78.466796875l8.203125,0q5.615234375-0.09765625,8.3984375-2.1728515625t2.783203125-6.0791015625q0-4.541015625-2.83203125-6.6162109375t-8.69140625-2.0751953125l-7.861328125,0l0,16.943359375z\"\/><path d=\" M69.775390625,119.921875l0-71.09375l16.552734375,0l0,58.3984375l30.615234375,0l0,12.6953125l-47.16796875,0z\"\/><path d=\" M122.314453125,90.771484375l0-12.79296875q0-13.0859375,8.3740234375-21.630859375t21.8505859375-8.544921875q13.37890625,0,21.77734375,8.544921875t8.3984375,21.630859375l0,12.79296875q0,13.134765625-8.3251953125,21.6552734375t-21.7529296875,8.5205078125q-13.525390625,0-21.923828125-8.5205078125t-8.3984375-21.6552734375z M138.76953125,90.771484375q0,7.71484375,3.5888671875,12.59765625t10.2783203125,4.8828125q6.494140625,0,10.05859375-4.8828125t3.564453125-12.59765625l0-12.890625q0-7.6171875-3.5888671875-12.5t-10.1318359375-4.8828125q-6.689453125,0-10.2294921875,4.8583984375t-3.5400390625,12.5244140625l0,12.890625z\"\/><path d=\" M191.015625,91.796875l0-14.84375q0-12.841796875,8.0322265625-20.99609375t20.6787109375-8.154296875q13.720703125,0,20.556640625,6.34765625t7.763671875,17.333984375l-0.09765625,0.29296875l-15.478515625,0q-0.830078125-5.615234375-3.6376953125-8.447265625t-8.5693359375-2.83203125t-9.27734375,4.5654296875t-3.515625,11.7919921875l0,14.94140625q0,7.421875,3.466796875,11.9384765625t9.716796875,4.5166015625q4.541015625,0,7.12890625-0.732421875t4.1015625-1.953125l0-11.23046875l-11.181640625,0l0-10.9375l27.734375,0l0,26.708984375q-3.61328125,4.296875-10.498046875,7.568359375t-17.28515625,3.271484375q-13.18359375,0-21.4111328125-8.10546875t-8.2275390625-21.044921875z \"\/><\/svg>\n\t\t\t\t<\/div>\n\t\t\t\t<div class=\"subtitle\">NEWSLETTER<\/div>\t\t\t\t<h2 class=\"title\">Here we share our ideas.<\/h2>\t\t\t\t\t\t\t\t\t\t\t<\/div>\n\t\t\t<div class=\"top-banner-cursor\"><\/div>\n\t\t<\/section>\n\t\t\t\t\t\t<\/div>\n\t\t\t\t<\/div>\n\t\t\t\t<\/div>\n\t\t<div class=\"elementor-element elementor-element-1cdd16d e-con-full e-flex e-con e-parent\" data-id=\"1cdd16d\" data-element_type=\"container\" data-e-type=\"container\">\n\t\t\t\t<div class=\"elementor-element elementor-element-8f5d285 elementor-widget elementor-widget-custom-post-type-widget\" data-id=\"8f5d285\" data-element_type=\"widget\" data-e-type=\"widget\" data-widget_type=\"custom-post-type-widget.default\">\n\t\t\t\t<div class=\"elementor-widget-container\">\n\t\t\t\t\t<div data-unique-key=\"6b88af203a286740c7d81319824ea42a\" class=\"js-load-more\" data-start-page=\"1\" data-max-page=\"1\" data-next-link=\"\"><div class=\"row prague_blog   js-load-more-block no-footer-content prague-load-wrapper\" data-columns=\"\" data-gap=\"\">\t<div class=\"blog-post col-xs-12 js-filter-simple-block\">\n\t\t<div class=\"prague-blog-list-wrapper\">\n\t\t\t<div class=\"blog-list-img\">\n\t\t\t\t \n\t\t\t<\/div>\n\t\t\t<div class=\"blog-list-content\">\n\t\t\t\t<div class=\"blog-list-post-date\">\n\t\t\t\t\t2 y\u0131l ago\t\t\t\t<\/div>\n\t\t\t\t<h3 class=\"blog-list-post-title\"><a href=\"https:\/\/ba-interiordesign.de\/index.php\/2023\/12\/21\/merhaba-dunya\/\" target=\"_blank\">Merhaba d\u00fcnya!<\/a><\/h3>\t\t\t\t<div class=\"blog-list-post-excerpt\">\n\t\t\t\t\t<p><p>WordPress&#8217;e ho\u015f geldiniz. Bu sizin ilk yaz\u0131n\u0131z. Bu yaz\u0131y\u0131 d\u00fczenleyin ya da silin. Sonra yazmaya ba\u015flay\u0131n!<\/p>\n<\/p>\n\t\t\t\t<\/div>\n\t\t\t\t<a href=\"https:\/\/ba-interiordesign.de\/index.php\/2023\/12\/21\/merhaba-dunya\/\" class=\"blog-list-link a-btn-arrow-2\" target=\"_blank\">\n\t\t\t\t\t<span class=\"arrow-right\"><\/span>\n\t\t\t\t\tREAD\t\t\t\t<\/a>\n\t\t\t<\/div>\n\t\t<\/div>\n\t<\/div>\t<div class=\"blog-post col-xs-12 js-filter-simple-block column_paralax\">\n\t\t<div class=\"prague-blog-list-wrapper\">\n\t\t\t<div class=\"blog-list-img\">\n\t\t\t\t<img fetchpriority=\"high\" decoding=\"async\" width=\"2000\" height=\"1328\" src=\"https:\/\/ba-interiordesign.de\/wp-content\/uploads\/2017\/01\/stock-photo-81710985.jpg\" class=\"s-img-switch wp-post-image wp-post-image\" alt=\"\" srcset=\"https:\/\/ba-interiordesign.de\/wp-content\/uploads\/2017\/01\/stock-photo-81710985.jpg 2000w, https:\/\/ba-interiordesign.de\/wp-content\/uploads\/2017\/01\/stock-photo-81710985-300x199.jpg 300w, https:\/\/ba-interiordesign.de\/wp-content\/uploads\/2017\/01\/stock-photo-81710985-1024x680.jpg 1024w, https:\/\/ba-interiordesign.de\/wp-content\/uploads\/2017\/01\/stock-photo-81710985-768x510.jpg 768w, https:\/\/ba-interiordesign.de\/wp-content\/uploads\/2017\/01\/stock-photo-81710985-1536x1020.jpg 1536w, https:\/\/ba-interiordesign.de\/wp-content\/uploads\/2017\/01\/stock-photo-81710985-500x332.jpg 500w\" sizes=\"(max-width: 2000px) 100vw, 2000px\" \/> \n\t\t\t<\/div>\n\t\t\t<div class=\"blog-list-content\">\n\t\t\t\t<div class=\"blog-list-post-date\">\n\t\t\t\t\t9 y\u0131l ago\t\t\t\t<\/div>\n\t\t\t\t<h3 class=\"blog-list-post-title\"><a href=\"https:\/\/ba-interiordesign.de\/index.php\/2017\/03\/02\/bridge-construction\/\" target=\"_blank\">Bridge construction<\/a><\/h3>\t\t\t\t<div class=\"blog-list-post-excerpt\">\n\t\t\t\t\t<p><p>Holland\u2019s bigger Bridge is currently under construction and will be ready for students Fall 2017.<\/p>\n<\/p>\n\t\t\t\t<\/div>\n\t\t\t\t<a href=\"https:\/\/ba-interiordesign.de\/index.php\/2017\/03\/02\/bridge-construction\/\" class=\"blog-list-link a-btn-arrow-2\" target=\"_blank\">\n\t\t\t\t\t<span class=\"arrow-right\"><\/span>\n\t\t\t\t\tREAD\t\t\t\t<\/a>\n\t\t\t<\/div>\n\t\t<\/div>\n\t<\/div>\t<div class=\"blog-post col-xs-12 js-filter-simple-block\">\n\t\t<div class=\"prague-blog-list-wrapper\">\n\t\t\t<div class=\"blog-list-img\">\n\t\t\t\t<img decoding=\"async\" width=\"1920\" height=\"1070\" src=\"https:\/\/ba-interiordesign.de\/wp-content\/uploads\/2017\/02\/a6ec5612273735.56265d52bc52e-1.jpg\" class=\"s-img-switch wp-post-image wp-post-image\" alt=\"\" srcset=\"https:\/\/ba-interiordesign.de\/wp-content\/uploads\/2017\/02\/a6ec5612273735.56265d52bc52e-1.jpg 1920w, https:\/\/ba-interiordesign.de\/wp-content\/uploads\/2017\/02\/a6ec5612273735.56265d52bc52e-1-300x167.jpg 300w, https:\/\/ba-interiordesign.de\/wp-content\/uploads\/2017\/02\/a6ec5612273735.56265d52bc52e-1-1024x571.jpg 1024w, https:\/\/ba-interiordesign.de\/wp-content\/uploads\/2017\/02\/a6ec5612273735.56265d52bc52e-1-768x428.jpg 768w, https:\/\/ba-interiordesign.de\/wp-content\/uploads\/2017\/02\/a6ec5612273735.56265d52bc52e-1-1536x856.jpg 1536w, https:\/\/ba-interiordesign.de\/wp-content\/uploads\/2017\/02\/a6ec5612273735.56265d52bc52e-1-500x279.jpg 500w, https:\/\/ba-interiordesign.de\/wp-content\/uploads\/2017\/02\/a6ec5612273735.56265d52bc52e-1-600x334.jpg 600w\" sizes=\"(max-width: 1920px) 100vw, 1920px\" \/> \n\t\t\t<\/div>\n\t\t\t<div class=\"blog-list-content\">\n\t\t\t\t<div class=\"blog-list-post-date\">\n\t\t\t\t\t9 y\u0131l ago\t\t\t\t<\/div>\n\t\t\t\t<h3 class=\"blog-list-post-title\"><a href=\"https:\/\/ba-interiordesign.de\/index.php\/2017\/02\/03\/time-inc-architectura\/\" target=\"_blank\">Time Inc. architectura<\/a><\/h3>\t\t\t\t<div class=\"blog-list-post-excerpt\">\n\t\t\t\t\t<p><p>The design of the new Time Inc. headquarters was mentioned in an Architectural Record article discussing the office of the future.<\/p>\n<\/p>\n\t\t\t\t<\/div>\n\t\t\t\t<a href=\"https:\/\/ba-interiordesign.de\/index.php\/2017\/02\/03\/time-inc-architectura\/\" class=\"blog-list-link a-btn-arrow-2\" target=\"_blank\">\n\t\t\t\t\t<span class=\"arrow-right\"><\/span>\n\t\t\t\t\tREAD\t\t\t\t<\/a>\n\t\t\t<\/div>\n\t\t<\/div>\n\t<\/div>\t<div class=\"blog-post col-xs-12 js-filter-simple-block\">\n\t\t<div class=\"prague-blog-list-wrapper\">\n\t\t\t<div class=\"blog-list-img\">\n\t\t\t\t<img decoding=\"async\" width=\"2000\" height=\"1373\" src=\"https:\/\/ba-interiordesign.de\/wp-content\/uploads\/2017\/02\/stock-photo-164383997.jpg\" class=\"s-img-switch wp-post-image wp-post-image\" alt=\"\" srcset=\"https:\/\/ba-interiordesign.de\/wp-content\/uploads\/2017\/02\/stock-photo-164383997.jpg 2000w, https:\/\/ba-interiordesign.de\/wp-content\/uploads\/2017\/02\/stock-photo-164383997-300x206.jpg 300w, https:\/\/ba-interiordesign.de\/wp-content\/uploads\/2017\/02\/stock-photo-164383997-1024x703.jpg 1024w, https:\/\/ba-interiordesign.de\/wp-content\/uploads\/2017\/02\/stock-photo-164383997-768x527.jpg 768w, https:\/\/ba-interiordesign.de\/wp-content\/uploads\/2017\/02\/stock-photo-164383997-1536x1054.jpg 1536w, https:\/\/ba-interiordesign.de\/wp-content\/uploads\/2017\/02\/stock-photo-164383997-500x343.jpg 500w, https:\/\/ba-interiordesign.de\/wp-content\/uploads\/2017\/02\/stock-photo-164383997-600x412.jpg 600w\" sizes=\"(max-width: 2000px) 100vw, 2000px\" \/> \n\t\t\t<\/div>\n\t\t\t<div class=\"blog-list-content\">\n\t\t\t\t<div class=\"blog-list-post-date\">\n\t\t\t\t\t9 y\u0131l ago\t\t\t\t<\/div>\n\t\t\t\t<h3 class=\"blog-list-post-title\"><a href=\"https:\/\/ba-interiordesign.de\/index.php\/2017\/02\/03\/how-we-built-big-yellow-tunnel-in-la\/\" target=\"_blank\">How we built big yellow tunnel in LA<\/a><\/h3>\t\t\t\t<div class=\"blog-list-post-excerpt\">\n\t\t\t\t\t<p><p>We buildt one of the Montreal Metro&#8217;s four routes operating in Montreal, Quebec, Canada.<\/p>\n<\/p>\n\t\t\t\t<\/div>\n\t\t\t\t<a href=\"https:\/\/ba-interiordesign.de\/index.php\/2017\/02\/03\/how-we-built-big-yellow-tunnel-in-la\/\" class=\"blog-list-link a-btn-arrow-2\" target=\"_blank\">\n\t\t\t\t\t<span class=\"arrow-right\"><\/span>\n\t\t\t\t\tREAD\t\t\t\t<\/a>\n\t\t\t<\/div>\n\t\t<\/div>\n\t<\/div>\t<div class=\"blog-post col-xs-12 js-filter-simple-block column_paralax\">\n\t\t<div class=\"prague-blog-list-wrapper\">\n\t\t\t<div class=\"blog-list-img\">\n\t\t\t\t<img loading=\"lazy\" decoding=\"async\" width=\"570\" height=\"371\" src=\"https:\/\/ba-interiordesign.de\/wp-content\/uploads\/2017\/03\/proc5.jpg\" class=\"s-img-switch wp-post-image wp-post-image\" alt=\"\" srcset=\"https:\/\/ba-interiordesign.de\/wp-content\/uploads\/2017\/03\/proc5.jpg 570w, https:\/\/ba-interiordesign.de\/wp-content\/uploads\/2017\/03\/proc5-300x195.jpg 300w, https:\/\/ba-interiordesign.de\/wp-content\/uploads\/2017\/03\/proc5-500x325.jpg 500w\" sizes=\"(max-width: 570px) 100vw, 570px\" \/> \n\t\t\t<\/div>\n\t\t\t<div class=\"blog-list-content\">\n\t\t\t\t<div class=\"blog-list-post-date\">\n\t\t\t\t\t9 y\u0131l ago\t\t\t\t<\/div>\n\t\t\t\t<h3 class=\"blog-list-post-title\"><a href=\"https:\/\/ba-interiordesign.de\/index.php\/2017\/02\/03\/tom-krizmanic-speaks-about-neutral-design\/\" target=\"_blank\">Tom Krizmanic speaks about Neutral Design<\/a><\/h3>\t\t\t\t<div class=\"blog-list-post-excerpt\">\n\t\t\t\t\t<p><p>Tom Krizmanic recently spoke about age-neutral design in the workplace as part of a three-person &#8230;<\/p>\n<\/p>\n\t\t\t\t<\/div>\n\t\t\t\t<a href=\"https:\/\/ba-interiordesign.de\/index.php\/2017\/02\/03\/tom-krizmanic-speaks-about-neutral-design\/\" class=\"blog-list-link a-btn-arrow-2\" target=\"_blank\">\n\t\t\t\t\t<span class=\"arrow-right\"><\/span>\n\t\t\t\t\tREAD\t\t\t\t<\/a>\n\t\t\t<\/div>\n\t\t<\/div>\n\t<\/div>\t<div class=\"blog-post col-xs-12 js-filter-simple-block\">\n\t\t<div class=\"prague-blog-list-wrapper\">\n\t\t\t<div class=\"blog-list-img\">\n\t\t\t\t<img loading=\"lazy\" decoding=\"async\" width=\"1200\" height=\"1401\" src=\"https:\/\/ba-interiordesign.de\/wp-content\/uploads\/2017\/02\/34ddf446488615.5856b7e039657.jpg\" class=\"s-img-switch wp-post-image wp-post-image\" alt=\"\" srcset=\"https:\/\/ba-interiordesign.de\/wp-content\/uploads\/2017\/02\/34ddf446488615.5856b7e039657.jpg 1200w, https:\/\/ba-interiordesign.de\/wp-content\/uploads\/2017\/02\/34ddf446488615.5856b7e039657-257x300.jpg 257w, https:\/\/ba-interiordesign.de\/wp-content\/uploads\/2017\/02\/34ddf446488615.5856b7e039657-877x1024.jpg 877w, https:\/\/ba-interiordesign.de\/wp-content\/uploads\/2017\/02\/34ddf446488615.5856b7e039657-768x897.jpg 768w, https:\/\/ba-interiordesign.de\/wp-content\/uploads\/2017\/02\/34ddf446488615.5856b7e039657-500x584.jpg 500w, https:\/\/ba-interiordesign.de\/wp-content\/uploads\/2017\/02\/34ddf446488615.5856b7e039657-600x701.jpg 600w\" sizes=\"(max-width: 1200px) 100vw, 1200px\" \/> \n\t\t\t<\/div>\n\t\t\t<div class=\"blog-list-content\">\n\t\t\t\t<div class=\"blog-list-post-date\">\n\t\t\t\t\t9 y\u0131l ago\t\t\t\t<\/div>\n\t\t\t\t<h3 class=\"blog-list-post-title\"><a href=\"https:\/\/ba-interiordesign.de\/index.php\/2017\/02\/03\/creature-interior\/\" target=\"_blank\">Creature interior<\/a><\/h3>\t\t\t\t<div class=\"blog-list-post-excerpt\">\n\t\t\t\t\t<p><p>We design a new building on Nickelodeon&#8217;s Burbank campus makes the &#8220;pages&#8221; : &#8220;The new state-of-the-art five-story glass structure will &#8230;<\/p>\n<\/p>\n\t\t\t\t<\/div>\n\t\t\t\t<a href=\"https:\/\/ba-interiordesign.de\/index.php\/2017\/02\/03\/creature-interior\/\" class=\"blog-list-link a-btn-arrow-2\" target=\"_blank\">\n\t\t\t\t\t<span class=\"arrow-right\"><\/span>\n\t\t\t\t\tREAD\t\t\t\t<\/a>\n\t\t\t<\/div>\n\t\t<\/div>\n\t<\/div>\t<div class=\"blog-post col-xs-12 js-filter-simple-block\">\n\t\t<div class=\"prague-blog-list-wrapper\">\n\t\t\t<div class=\"blog-list-img\">\n\t\t\t\t<img loading=\"lazy\" decoding=\"async\" width=\"2000\" height=\"1333\" src=\"https:\/\/ba-interiordesign.de\/wp-content\/uploads\/2017\/01\/AdobeStock_74548514.jpg\" class=\"s-img-switch wp-post-image wp-post-image\" alt=\"\" srcset=\"https:\/\/ba-interiordesign.de\/wp-content\/uploads\/2017\/01\/AdobeStock_74548514.jpg 2000w, https:\/\/ba-interiordesign.de\/wp-content\/uploads\/2017\/01\/AdobeStock_74548514-300x200.jpg 300w, https:\/\/ba-interiordesign.de\/wp-content\/uploads\/2017\/01\/AdobeStock_74548514-1024x682.jpg 1024w, https:\/\/ba-interiordesign.de\/wp-content\/uploads\/2017\/01\/AdobeStock_74548514-768x512.jpg 768w, https:\/\/ba-interiordesign.de\/wp-content\/uploads\/2017\/01\/AdobeStock_74548514-1536x1024.jpg 1536w, https:\/\/ba-interiordesign.de\/wp-content\/uploads\/2017\/01\/AdobeStock_74548514-600x400.jpg 600w, https:\/\/ba-interiordesign.de\/wp-content\/uploads\/2017\/01\/AdobeStock_74548514-500x333.jpg 500w\" sizes=\"(max-width: 2000px) 100vw, 2000px\" \/> \n\t\t\t<\/div>\n\t\t\t<div class=\"blog-list-content\">\n\t\t\t\t<div class=\"blog-list-post-date\">\n\t\t\t\t\t9 y\u0131l ago\t\t\t\t<\/div>\n\t\t\t\t<h3 class=\"blog-list-post-title\"><a href=\"https:\/\/ba-interiordesign.de\/index.php\/2017\/02\/03\/how-to-discover-yourself-in-7-simple-steps\/\" target=\"_blank\">How to discover Yourself in 7 steps<\/a><\/h3>\t\t\t\t<div class=\"blog-list-post-excerpt\">\n\t\t\t\t\t<p><p>Everyone wants to know their inner calling, and that includes me. We know that if we only know &#8230;<\/p>\n<\/p>\n\t\t\t\t<\/div>\n\t\t\t\t<a href=\"https:\/\/ba-interiordesign.de\/index.php\/2017\/02\/03\/how-to-discover-yourself-in-7-simple-steps\/\" class=\"blog-list-link a-btn-arrow-2\" target=\"_blank\">\n\t\t\t\t\t<span class=\"arrow-right\"><\/span>\n\t\t\t\t\tREAD\t\t\t\t<\/a>\n\t\t\t<\/div>\n\t\t<\/div>\n\t<\/div>\t<div class=\"blog-post col-xs-12 js-filter-simple-block column_paralax\">\n\t\t<div class=\"prague-blog-list-wrapper\">\n\t\t\t<div class=\"blog-list-img\">\n\t\t\t\t<img loading=\"lazy\" decoding=\"async\" width=\"1200\" height=\"703\" src=\"https:\/\/ba-interiordesign.de\/wp-content\/uploads\/2017\/01\/5eab1e28066719.560a3f2002705.jpg\" class=\"s-img-switch wp-post-image wp-post-image\" alt=\"\" srcset=\"https:\/\/ba-interiordesign.de\/wp-content\/uploads\/2017\/01\/5eab1e28066719.560a3f2002705.jpg 1200w, https:\/\/ba-interiordesign.de\/wp-content\/uploads\/2017\/01\/5eab1e28066719.560a3f2002705-300x176.jpg 300w, https:\/\/ba-interiordesign.de\/wp-content\/uploads\/2017\/01\/5eab1e28066719.560a3f2002705-1024x600.jpg 1024w, https:\/\/ba-interiordesign.de\/wp-content\/uploads\/2017\/01\/5eab1e28066719.560a3f2002705-768x450.jpg 768w, https:\/\/ba-interiordesign.de\/wp-content\/uploads\/2017\/01\/5eab1e28066719.560a3f2002705-500x293.jpg 500w\" sizes=\"(max-width: 1200px) 100vw, 1200px\" \/> \n\t\t\t<\/div>\n\t\t\t<div class=\"blog-list-content\">\n\t\t\t\t<div class=\"blog-list-post-date\">\n\t\t\t\t\t9 y\u0131l ago\t\t\t\t<\/div>\n\t\t\t\t<h3 class=\"blog-list-post-title\"><a href=\"https:\/\/ba-interiordesign.de\/index.php\/2017\/02\/03\/little-house-in-forest\/\" target=\"_blank\">Little house in forest<\/a><\/h3>\t\t\t\t<div class=\"blog-list-post-excerpt\">\n\t\t\t\t\t<p><p>This efficient little garage is designed to accommodate three uses: a two car garage, potting alcove or shop, and a small cottage plan above &#8230;<\/p>\n<\/p>\n\t\t\t\t<\/div>\n\t\t\t\t<a href=\"https:\/\/ba-interiordesign.de\/index.php\/2017\/02\/03\/little-house-in-forest\/\" class=\"blog-list-link a-btn-arrow-2\" target=\"_blank\">\n\t\t\t\t\t<span class=\"arrow-right\"><\/span>\n\t\t\t\t\tREAD\t\t\t\t<\/a>\n\t\t\t<\/div>\n\t\t<\/div>\n\t<\/div>\t<div class=\"blog-post col-xs-12 js-filter-simple-block\">\n\t\t<div class=\"prague-blog-list-wrapper\">\n\t\t\t<div class=\"blog-list-img\">\n\t\t\t\t<img loading=\"lazy\" decoding=\"async\" width=\"600\" height=\"400\" src=\"https:\/\/ba-interiordesign.de\/wp-content\/uploads\/2017\/02\/82087616021177.5629a1ab92b1a-1.jpg\" class=\"s-img-switch wp-post-image wp-post-image\" alt=\"\" srcset=\"https:\/\/ba-interiordesign.de\/wp-content\/uploads\/2017\/02\/82087616021177.5629a1ab92b1a-1.jpg 600w, https:\/\/ba-interiordesign.de\/wp-content\/uploads\/2017\/02\/82087616021177.5629a1ab92b1a-1-300x200.jpg 300w, https:\/\/ba-interiordesign.de\/wp-content\/uploads\/2017\/02\/82087616021177.5629a1ab92b1a-1-500x333.jpg 500w\" sizes=\"(max-width: 600px) 100vw, 600px\" \/> \n\t\t\t<\/div>\n\t\t\t<div class=\"blog-list-content\">\n\t\t\t\t<div class=\"blog-list-post-date\">\n\t\t\t\t\t9 y\u0131l ago\t\t\t\t<\/div>\n\t\t\t\t<h3 class=\"blog-list-post-title\"><a href=\"https:\/\/ba-interiordesign.de\/index.php\/2017\/02\/03\/promotion-to-principal\/\" target=\"_blank\">Promotion to Principal<\/a><\/h3>\t\t\t\t<div class=\"blog-list-post-excerpt\">\n\t\t\t\t\t<p><p>Our parthners are proud to announce the promotion of Alexandra Villegas to Principal in our office in Prague.<\/p>\n<\/p>\n\t\t\t\t<\/div>\n\t\t\t\t<a href=\"https:\/\/ba-interiordesign.de\/index.php\/2017\/02\/03\/promotion-to-principal\/\" class=\"blog-list-link a-btn-arrow-2\" target=\"_blank\">\n\t\t\t\t\t<span class=\"arrow-right\"><\/span>\n\t\t\t\t\tREAD\t\t\t\t<\/a>\n\t\t\t<\/div>\n\t\t<\/div>\n\t<\/div>\t<div class=\"blog-post col-xs-12 js-filter-simple-block\">\n\t\t<div class=\"prague-blog-list-wrapper\">\n\t\t\t<div class=\"blog-list-img\">\n\t\t\t\t<img fetchpriority=\"high\" decoding=\"async\" width=\"2000\" height=\"1328\" src=\"https:\/\/ba-interiordesign.de\/wp-content\/uploads\/2017\/01\/stock-photo-81710985.jpg\" class=\"s-img-switch wp-post-image wp-post-image\" alt=\"\" srcset=\"https:\/\/ba-interiordesign.de\/wp-content\/uploads\/2017\/01\/stock-photo-81710985.jpg 2000w, https:\/\/ba-interiordesign.de\/wp-content\/uploads\/2017\/01\/stock-photo-81710985-300x199.jpg 300w, https:\/\/ba-interiordesign.de\/wp-content\/uploads\/2017\/01\/stock-photo-81710985-1024x680.jpg 1024w, https:\/\/ba-interiordesign.de\/wp-content\/uploads\/2017\/01\/stock-photo-81710985-768x510.jpg 768w, https:\/\/ba-interiordesign.de\/wp-content\/uploads\/2017\/01\/stock-photo-81710985-1536x1020.jpg 1536w, https:\/\/ba-interiordesign.de\/wp-content\/uploads\/2017\/01\/stock-photo-81710985-500x332.jpg 500w\" sizes=\"(max-width: 2000px) 100vw, 2000px\" \/> \n\t\t\t<\/div>\n\t\t\t<div class=\"blog-list-content\">\n\t\t\t\t<div class=\"blog-list-post-date\">\n\t\t\t\t\t10 y\u0131l ago\t\t\t\t<\/div>\n\t\t\t\t<h3 class=\"blog-list-post-title\"><a href=\"https:\/\/ba-interiordesign.de\/index.php\/2016\/05\/10\/hello-world-2-2\/\" target=\"_blank\">Bridge construction<\/a><\/h3>\t\t\t\t<div class=\"blog-list-post-excerpt\">\n\t\t\t\t\t<p><p>Holland\u2019s bigger Bridge is currently under construction and will be ready for students Fall 2017.<\/p>\n<\/p>\n\t\t\t\t<\/div>\n\t\t\t\t<a href=\"https:\/\/ba-interiordesign.de\/index.php\/2016\/05\/10\/hello-world-2-2\/\" class=\"blog-list-link a-btn-arrow-2\" target=\"_blank\">\n\t\t\t\t\t<span class=\"arrow-right\"><\/span>\n\t\t\t\t\tREAD\t\t\t\t<\/a>\n\t\t\t<\/div>\n\t\t<\/div>\n\t<\/div>\t\t<\/div>\n\t\t\t\n\t\t<\/div>\n\t\t\t\t\t\t<\/div>\n\t\t\t\t<\/div>\n\t\t\t\t<\/div>\n\t\t\t\t<\/div>\n\t\t","protected":false},"excerpt":{"rendered":"Suspendisse imperdiet quis elit vitae viverra. Suspendisse at ultrices augue. Donec nec tristique augue. In eget viverra urna, a lobortis","protected":false},"author":1,"featured_media":0,"parent":0,"menu_order":0,"comment_status":"closed","ping_status":"closed","template":"elementor_header_footer","meta":{"om_disable_all_campaigns":false,"_monsterinsights_skip_tracking":false,"_monsterinsights_sitenote_active":false,"_monsterinsights_sitenote_note":"","_monsterinsights_sitenote_category":0,"footnotes":""},"class_list":["post-3350","page","type-page","status-publish","hentry"],"aioseo_notices":[],"featured_image_src":"","featured_image_src_square":"","_links":{"self":[{"href":"https:\/\/ba-interiordesign.de\/index.php\/wp-json\/wp\/v2\/pages\/3350","targetHints":{"allow":["GET"]}}],"collection":[{"href":"https:\/\/ba-interiordesign.de\/index.php\/wp-json\/wp\/v2\/pages"}],"about":[{"href":"https:\/\/ba-interiordesign.de\/index.php\/wp-json\/wp\/v2\/types\/page"}],"author":[{"embeddable":true,"href":"https:\/\/ba-interiordesign.de\/index.php\/wp-json\/wp\/v2\/users\/1"}],"replies":[{"embeddable":true,"href":"https:\/\/ba-interiordesign.de\/index.php\/wp-json\/wp\/v2\/comments?post=3350"}],"version-history":[{"count":0,"href":"https:\/\/ba-interiordesign.de\/index.php\/wp-json\/wp\/v2\/pages\/3350\/revisions"}],"wp:attachment":[{"href":"https:\/\/ba-interiordesign.de\/index.php\/wp-json\/wp\/v2\/media?parent=3350"}],"curies":[{"name":"wp","href":"https:\/\/api.w.org\/{rel}","templated":true}]}}